{"id":73,"date":"2023-03-24T06:54:58","date_gmt":"2023-03-24T06:54:58","guid":{"rendered":"https:\/\/cozystay.loftocean.com\/mountain-chalet\/?page_id=73"},"modified":"2025-08-22T10:35:54","modified_gmt":"2025-08-22T10:35:54","slug":"uber-uns","status":"publish","type":"page","link":"https:\/\/agriturbelladibosco.com\/de\/uber-uns","title":{"rendered":"\u00dcber uns"},"content":{"rendered":"\t\t<div data-elementor-type=\"wp-page\" data-elementor-id=\"73\" class=\"elementor elementor-73\">\n\t\t\t\t\t\t<section class=\"elementor-section elementor-top-section elementor-element elementor-element-45a1740b elementor-section-height-min-height cs-section-content-fullwidth cs-parallax-on-scroll cs_scroll_y_100 elementor-section-boxed elementor-section-height-default elementor-section-items-middle\" data-id=\"45a1740b\" data-element_type=\"section\" data-settings=\"{&quot;background_background&quot;:&quot;classic&quot;}\" data-cs-parallax-y=\"100\" style=\"background-image: none;\" data-cs-background-image=\"https:\/\/agriturbelladibosco.com\/de\/wp-content\/uploads\/2024\/07\/agritur-bella-di-bosco-chi-siamo.jpg\" data-cs-background-image-alt-text=\"\">\n\t\t\t\t\t\t\t<div class=\"elementor-background-overlay\"><\/div>\n\t\t\t\t\t\t\t<div class=\"elementor-container elementor-column-gap-no\">\n\t\t\t\t\t<div class=\"elementor-column elementor-col-100 elementor-top-column elementor-element elementor-element-2da59bf7 dark-color\" data-id=\"2da59bf7\" data-element_type=\"column\">\n\t\t\t<div class=\"elementor-widget-wrap elementor-element-populated\">\n\t\t\t\t\t\t<div class=\"elementor-element elementor-element-bb3d88e elementor-widget elementor-widget-cs_title\" data-id=\"bb3d88e\" data-element_type=\"widget\" data-widget_type=\"cs_title.default\">\n\t\t\t\t<div class=\"elementor-widget-container\">\n\t\t\t\t\t\n        <div class=\"cs-title-wrap text-center\">\t            <h1 class=\"cs-title\">\n\t                \u00dcber uns\t            <\/h1>        <\/div>\t\t\t\t<\/div>\n\t\t\t\t<\/div>\n\t\t\t\t\t<\/div>\n\t\t<\/div>\n\t\t\t\t\t<\/div>\n\t\t<\/section>\n\t\t\t\t<section class=\"elementor-section elementor-top-section elementor-element elementor-element-45e60f74 cs-section-content-fullwidth elementor-section-boxed elementor-section-height-default elementor-section-height-default\" data-id=\"45e60f74\" data-element_type=\"section\" data-settings=\"{&quot;background_background&quot;:&quot;classic&quot;}\">\n\t\t\t\t\t\t<div class=\"elementor-container elementor-column-gap-no\">\n\t\t\t\t\t<div class=\"elementor-column elementor-col-100 elementor-top-column elementor-element elementor-element-12d88af2\" data-id=\"12d88af2\" data-element_type=\"column\">\n\t\t\t<div class=\"elementor-widget-wrap elementor-element-populated\">\n\t\t\t\t\t\t<div class=\"elementor-element elementor-element-3cc8d09a elementor-widget elementor-widget-cs_title\" data-id=\"3cc8d09a\" data-element_type=\"widget\" data-widget_type=\"cs_title.default\">\n\t\t\t\t<div class=\"elementor-widget-container\">\n\t\t\t\t\t\n        <div class=\"cs-title-wrap text-center\">\t            <div class=\"cs-subtitle-wrap\"><span class=\"cs-subtitle\">Willkommen im Agritur Bella di Bosco<\/span><\/div>\t            <h2 class=\"cs-title\">\n\t                Angela, Hermann, Camilla, Giulia und Elisa hei\u00dfen Sie herzlich willkommen!\t            <\/h2>\t            <div class=\"cs-title-text\">\n\t                <p>Wir sind Angela, Hermann, Camilla, Giulia und Elisa und freuen uns sehr, Sie im Agriturismo Bella di Bosco willkommen zu hei\u00dfen.<\/p><p>Unsere Geschichte begann 2008, als Hermann und ich, Angela, noch verlobt waren. Ein Traum, der Wirklichkeit wurde: Wir haben unseren Agriturismo mit Leidenschaft und Hingabe aufgebaut und jedes Detail mit Liebe gestaltet. Hermann k\u00fcmmerte sich pers\u00f6nlich um die Arbeiten und w\u00e4hlte sogar die Vorh\u00e4nge mit Sorgfalt aus, w\u00e4hrend ich nach meinem Abschluss am Institut Ivo de Carneri meine Laufbahn im Tourismus als Rezeptionistin in einem Hotel begann.<\/p><p>Im April 2009 \u00f6ffnete das Agriturismo Bella di Bosco schlie\u00dflich seine T\u00fcren f\u00fcr die ersten G\u00e4ste und wurde seither zu einem besonderen Ort, an den die Menschen Jahr f\u00fcr Jahr zur\u00fcckkehren, um eine einzigartige Erfahrung zu erleben. Wenige Monate sp\u00e4ter \u00e4nderte sich mein Leben erneut, als Hermann mir einen Heiratsantrag machte. Im Mai 2010 wurden wir Eheleute und 2011 kam unsere erste Tochter Camilla zur Welt, die schon als Kleinkind ihre Freude an der Geselligkeit zeigte, indem sie mit unseren G\u00e4sten fr\u00fchst\u00fcckte.<\/p><p>Mit den Jahren wuchs unsere Familie weiter: 2014 wurde Giulia geboren und 2015 die kleine Elisa.<\/p><p>Heute haben wir ein Familienunternehmen aufgebaut, in dem jeder von uns eine wichtige Rolle spielt: Ich k\u00fcmmere mich um den Empfang und den touristischen Bereich, w\u00e4hrend Hermann das Herzst\u00fcck der Landwirtschaft ist und unsere geliebten Melinda-\u00c4pfel und Kirschen anbaut. Und nicht zu vergessen Mariangela, Hermanns Mutter, die uns stets tatkr\u00e4ftig unterst\u00fctzt!<\/p><p>Wir sind hier, um Sie herzlich zu empfangen und Ihnen das Gef\u00fchl zu geben, zu Hause zu sein. Kommen Sie und entdecken Sie die Magie des Bella di Bosco, wo jeder Aufenthalt eine aufrichtige Umarmung und eine bleibende Erinnerung ist. Wir freuen uns auf Sie!<\/p>\t            <\/div>        <\/div>\t\t\t\t<\/div>\n\t\t\t\t<\/div>\n\t\t\t\t<div class=\"elementor-element elementor-element-6d66057 cs-animation-small-offset elementor-invisible elementor-widget elementor-widget-cs_gallery\" data-id=\"6d66057\" data-element_type=\"widget\" data-settings=\"{&quot;_animation&quot;:&quot;fadeInUp&quot;,&quot;_animation_delay&quot;:300}\" data-widget_type=\"cs_gallery.default\">\n\t\t\t\t<div class=\"elementor-widget-container\">\n\t\t\t\t\t\n            <div class=\"cs-gallery gap-5 gallery-grid grid-col-3\">\n                <div class=\"cs-gallery-wrap\">                    <div class=\"cs-gallery-item\"><img fetchpriority=\"high\" decoding=\"async\" width=\"550\" height=\"825\" src=\"https:\/\/agriturbelladibosco.com\/de\/wp-content\/uploads\/sites\/3\/2024\/07\/bella-di-bosco-chi-siamo-2-550x825.jpg\" class=\"attachment-cozystay_550x9999 size-cozystay_550x9999 wp-image-2425\" alt=\"\" srcset=\"https:\/\/agriturbelladibosco.com\/de\/wp-content\/uploads\/sites\/3\/2024\/07\/bella-di-bosco-chi-siamo-2-550x825.jpg 550w, https:\/\/agriturbelladibosco.com\/de\/wp-content\/uploads\/sites\/3\/2024\/07\/bella-di-bosco-chi-siamo-2-200x300.jpg 200w, https:\/\/agriturbelladibosco.com\/de\/wp-content\/uploads\/sites\/3\/2024\/07\/bella-di-bosco-chi-siamo-2-683x1024.jpg 683w, https:\/\/agriturbelladibosco.com\/de\/wp-content\/uploads\/sites\/3\/2024\/07\/bella-di-bosco-chi-siamo-2-768x1152.jpg 768w, https:\/\/agriturbelladibosco.com\/de\/wp-content\/uploads\/sites\/3\/2024\/07\/bella-di-bosco-chi-siamo-2-780x1170.jpg 780w, https:\/\/agriturbelladibosco.com\/de\/wp-content\/uploads\/sites\/3\/2024\/07\/bella-di-bosco-chi-siamo-2-600x900.jpg 600w, https:\/\/agriturbelladibosco.com\/de\/wp-content\/uploads\/sites\/3\/2024\/07\/bella-di-bosco-chi-siamo-2-370x555.jpg 370w, https:\/\/agriturbelladibosco.com\/de\/wp-content\/uploads\/sites\/3\/2024\/07\/bella-di-bosco-chi-siamo-2-255x382.jpg 255w, https:\/\/agriturbelladibosco.com\/de\/wp-content\/uploads\/sites\/3\/2024\/07\/bella-di-bosco-chi-siamo-2.jpg 869w\" sizes=\"(max-width: 550px) 100vw, 550px\" \/>                    <\/div>                    <div class=\"cs-gallery-item\"><img decoding=\"async\" width=\"550\" height=\"825\" src=\"https:\/\/agriturbelladibosco.com\/de\/wp-content\/uploads\/sites\/3\/2024\/07\/bella-di-bosco-chi-siamo-3-550x825.jpg\" class=\"attachment-cozystay_550x9999 size-cozystay_550x9999 wp-image-2426\" alt=\"\" srcset=\"https:\/\/agriturbelladibosco.com\/de\/wp-content\/uploads\/sites\/3\/2024\/07\/bella-di-bosco-chi-siamo-3-550x825.jpg 550w, https:\/\/agriturbelladibosco.com\/de\/wp-content\/uploads\/sites\/3\/2024\/07\/bella-di-bosco-chi-siamo-3-200x300.jpg 200w, https:\/\/agriturbelladibosco.com\/de\/wp-content\/uploads\/sites\/3\/2024\/07\/bella-di-bosco-chi-siamo-3-683x1024.jpg 683w, https:\/\/agriturbelladibosco.com\/de\/wp-content\/uploads\/sites\/3\/2024\/07\/bella-di-bosco-chi-siamo-3-768x1152.jpg 768w, https:\/\/agriturbelladibosco.com\/de\/wp-content\/uploads\/sites\/3\/2024\/07\/bella-di-bosco-chi-siamo-3-780x1170.jpg 780w, https:\/\/agriturbelladibosco.com\/de\/wp-content\/uploads\/sites\/3\/2024\/07\/bella-di-bosco-chi-siamo-3-600x900.jpg 600w, https:\/\/agriturbelladibosco.com\/de\/wp-content\/uploads\/sites\/3\/2024\/07\/bella-di-bosco-chi-siamo-3-370x555.jpg 370w, https:\/\/agriturbelladibosco.com\/de\/wp-content\/uploads\/sites\/3\/2024\/07\/bella-di-bosco-chi-siamo-3-255x382.jpg 255w, https:\/\/agriturbelladibosco.com\/de\/wp-content\/uploads\/sites\/3\/2024\/07\/bella-di-bosco-chi-siamo-3.jpg 869w\" sizes=\"(max-width: 550px) 100vw, 550px\" \/>                    <\/div>                    <div class=\"cs-gallery-item\"><img decoding=\"async\" width=\"550\" height=\"825\" src=\"https:\/\/agriturbelladibosco.com\/de\/wp-content\/uploads\/sites\/3\/2024\/07\/bella-di-bosco-chi-siamo-4-550x825.jpg\" class=\"attachment-cozystay_550x9999 size-cozystay_550x9999 wp-image-2427\" alt=\"\" srcset=\"https:\/\/agriturbelladibosco.com\/de\/wp-content\/uploads\/sites\/3\/2024\/07\/bella-di-bosco-chi-siamo-4-550x825.jpg 550w, https:\/\/agriturbelladibosco.com\/de\/wp-content\/uploads\/sites\/3\/2024\/07\/bella-di-bosco-chi-siamo-4-200x300.jpg 200w, https:\/\/agriturbelladibosco.com\/de\/wp-content\/uploads\/sites\/3\/2024\/07\/bella-di-bosco-chi-siamo-4-683x1024.jpg 683w, https:\/\/agriturbelladibosco.com\/de\/wp-content\/uploads\/sites\/3\/2024\/07\/bella-di-bosco-chi-siamo-4-768x1152.jpg 768w, https:\/\/agriturbelladibosco.com\/de\/wp-content\/uploads\/sites\/3\/2024\/07\/bella-di-bosco-chi-siamo-4-780x1170.jpg 780w, https:\/\/agriturbelladibosco.com\/de\/wp-content\/uploads\/sites\/3\/2024\/07\/bella-di-bosco-chi-siamo-4-600x900.jpg 600w, https:\/\/agriturbelladibosco.com\/de\/wp-content\/uploads\/sites\/3\/2024\/07\/bella-di-bosco-chi-siamo-4-370x555.jpg 370w, https:\/\/agriturbelladibosco.com\/de\/wp-content\/uploads\/sites\/3\/2024\/07\/bella-di-bosco-chi-siamo-4-255x382.jpg 255w, https:\/\/agriturbelladibosco.com\/de\/wp-content\/uploads\/sites\/3\/2024\/07\/bella-di-bosco-chi-siamo-4.jpg 869w\" sizes=\"(max-width: 550px) 100vw, 550px\" \/>                    <\/div>                <\/div>\n            <\/div>\t\t\t\t<\/div>\n\t\t\t\t<\/div>\n\t\t\t\t\t<\/div>\n\t\t<\/div>\n\t\t\t\t\t<\/div>\n\t\t<\/section>\n\t\t\t\t<section class=\"elementor-section elementor-top-section elementor-element elementor-element-394a262 ph-credits-section elementor-section-boxed elementor-section-height-default elementor-section-height-default\" data-id=\"394a262\" data-element_type=\"section\">\n\t\t\t\t\t\t<div class=\"elementor-container elementor-column-gap-no\">\n\t\t\t\t\t<div class=\"elementor-column elementor-col-33 elementor-top-column elementor-element elementor-element-bb442f6\" data-id=\"bb442f6\" data-element_type=\"column\">\n\t\t\t<div class=\"elementor-widget-wrap\">\n\t\t\t\t\t\t\t<\/div>\n\t\t<\/div>\n\t\t\t\t<div class=\"elementor-column elementor-col-33 elementor-top-column elementor-element elementor-element-a299e64\" data-id=\"a299e64\" data-element_type=\"column\">\n\t\t\t<div class=\"elementor-widget-wrap elementor-element-populated\">\n\t\t\t\t\t\t<div class=\"elementor-element elementor-element-5f4f288 elementor-widget elementor-widget-text-editor\" data-id=\"5f4f288\" data-element_type=\"widget\" data-widget_type=\"text-editor.default\">\n\t\t\t\t<div class=\"elementor-widget-container\">\n\t\t\t\t\t\t\t\t\t<div class=\"ph-credits\"><div><span class=\"ph-credits-label\">Fotos: <\/span><span class=\"ph-credits-auth\">Agritur Bella di Bosco<\/span><\/div><\/div>\t\t\t\t\t\t\t\t<\/div>\n\t\t\t\t<\/div>\n\t\t\t\t\t<\/div>\n\t\t<\/div>\n\t\t\t\t<div class=\"elementor-column elementor-col-33 elementor-top-column elementor-element elementor-element-db3b1a4\" data-id=\"db3b1a4\" data-element_type=\"column\">\n\t\t\t<div class=\"elementor-widget-wrap\">\n\t\t\t\t\t\t\t<\/div>\n\t\t<\/div>\n\t\t\t\t\t<\/div>\n\t\t<\/section>\n\t\t\t\t<\/div>\n\t\t","protected":false},"excerpt":{"rendered":"<p>\u00dcber uns Willkommen im Agritur Bella di Bosco Angela, Hermann, Camilla, Giulia und Elisa hei\u00dfen Sie herzlich willkommen! Wir sind Angela, Hermann, Camilla, Giulia und Elisa und freuen uns sehr, Sie im Agriturismo Bella di Bosco willkommen zu hei\u00dfen. Unsere Geschichte begann 2008, als Hermann und ich, Angela, noch verlobt waren. Ein Traum, der Wirklichkeit &#8230;<\/p>\n","protected":false},"author":1,"featured_media":0,"parent":0,"menu_order":0,"comment_status":"closed","ping_status":"closed","template":"template-wide-content.php","meta":{"cozystay_single_page_hide_site_header":"","cozystay_single_page_site_header_source":"","cozystay_single_page_custom_site_header":"0","cozystay_single_page_custom_sticky_site_header":"0","cozystay_single_page_hide_page_title":"on","cozystay_single_page_header_section_size":"","cozystay_single_page_header_background_color":"","cozystay_single_page_header_background_position_x":"center","cozystay_single_page_header_background_position_y":"center","cozystay_single_page_header_background_size":"cover","cozystay_single_page_header_background_repeat":"off","cozystay_single_page_header_background_scroll":"on","cozystay_single_page_header_text_color":"","cozystay_single_page_header_show_breadcrumb":"","cozystay_single_page_site_footer_hide_main":"","cozystay_single_custom_site_footer_main_source":"","cozystay_single_custom_site_footer_main":"0","cozystay_single_page_site_footer_hide_above":"","cozystay_single_custom_site_footer_above_source":"","cozystay_single_custom_site_footer_above":"0","cozystay_single_page_site_footer_hide_instagram":"","cozystay_single_page_site_footer_hide_bottom":"","cozystay_single_custom_mobile_menu_source":"","cozystay_single_custom_mobile_menu":"0","cozystay_single_custom_mobile_menu_animation":"","cozystay_single_custom_mobile_menu_width":"","cozystay_single_custom_mobile_menu_custom_width":375,"footnotes":""},"class_list":["post-73","page","type-page","status-publish","hentry"],"_links":{"self":[{"href":"https:\/\/agriturbelladibosco.com\/de\/wp-json\/wp\/v2\/pages\/73","targetHints":{"allow":["GET"]}}],"collection":[{"href":"https:\/\/agriturbelladibosco.com\/de\/wp-json\/wp\/v2\/pages"}],"about":[{"href":"https:\/\/agriturbelladibosco.com\/de\/wp-json\/wp\/v2\/types\/page"}],"author":[{"embeddable":true,"href":"https:\/\/agriturbelladibosco.com\/de\/wp-json\/wp\/v2\/users\/1"}],"replies":[{"embeddable":true,"href":"https:\/\/agriturbelladibosco.com\/de\/wp-json\/wp\/v2\/comments?post=73"}],"version-history":[{"count":26,"href":"https:\/\/agriturbelladibosco.com\/de\/wp-json\/wp\/v2\/pages\/73\/revisions"}],"predecessor-version":[{"id":3962,"href":"https:\/\/agriturbelladibosco.com\/de\/wp-json\/wp\/v2\/pages\/73\/revisions\/3962"}],"wp:attachment":[{"href":"https:\/\/agriturbelladibosco.com\/de\/wp-json\/wp\/v2\/media?parent=73"}],"curies":[{"name":"wp","href":"https:\/\/api.w.org\/{rel}","templated":true}]}}