{"id":3546,"date":"2024-09-30T09:38:07","date_gmt":"2024-09-30T09:38:07","guid":{"rendered":"https:\/\/agriturbelladibosco.com\/de\/?page_id=3546"},"modified":"2025-08-22T12:25:59","modified_gmt":"2025-08-22T12:25:59","slug":"herbst","status":"publish","type":"page","link":"https:\/\/agriturbelladibosco.com\/de\/was-tun\/herbst","title":{"rendered":"Herbst"},"content":{"rendered":"\t\t<div data-elementor-type=\"wp-page\" data-elementor-id=\"3546\" class=\"elementor elementor-3546\">\n\t\t\t\t\t\t<section class=\"elementor-section elementor-top-section elementor-element elementor-element-45a1740b elementor-section-height-min-height cs-section-content-fullwidth cs-parallax-on-scroll cs_scroll_y_100 elementor-section-boxed elementor-section-height-default elementor-section-items-middle\" data-id=\"45a1740b\" data-element_type=\"section\" data-settings=\"{&quot;background_background&quot;:&quot;classic&quot;}\" data-cs-parallax-y=\"100\" style=\"background-image: none;\" data-cs-background-image=\"https:\/\/agriturbelladibosco.com\/de\/wp-content\/uploads\/2024\/09\/val-di-non-autunno.jpeg\" data-cs-background-image-alt-text=\"\">\n\t\t\t\t\t\t\t<div class=\"elementor-background-overlay\"><\/div>\n\t\t\t\t\t\t\t<div class=\"elementor-container elementor-column-gap-no\">\n\t\t\t\t\t<div class=\"elementor-column elementor-col-100 elementor-top-column elementor-element elementor-element-2da59bf7 dark-color\" data-id=\"2da59bf7\" data-element_type=\"column\">\n\t\t\t<div class=\"elementor-widget-wrap elementor-element-populated\">\n\t\t\t\t\t\t<div class=\"elementor-element elementor-element-bb3d88e elementor-widget elementor-widget-cs_title\" data-id=\"bb3d88e\" data-element_type=\"widget\" data-widget_type=\"cs_title.default\">\n\t\t\t\t<div class=\"elementor-widget-container\">\n\t\t\t\t\t\n        <div class=\"cs-title-wrap text-center\">\t            <h1 class=\"cs-title\">\n\t                Was Tun\t            <\/h1>        <\/div>\t\t\t\t<\/div>\n\t\t\t\t<\/div>\n\t\t\t\t\t<\/div>\n\t\t<\/div>\n\t\t\t\t\t<\/div>\n\t\t<\/section>\n\t\t\t\t<section class=\"elementor-section elementor-top-section elementor-element elementor-element-45e60f74 cs-section-content-fullwidth elementor-section-boxed elementor-section-height-default elementor-section-height-default\" data-id=\"45e60f74\" data-element_type=\"section\">\n\t\t\t\t\t\t<div class=\"elementor-container elementor-column-gap-no\">\n\t\t\t\t\t<div class=\"elementor-column elementor-col-100 elementor-top-column elementor-element elementor-element-12d88af2\" data-id=\"12d88af2\" data-element_type=\"column\" data-settings=\"{&quot;background_background&quot;:&quot;classic&quot;}\">\n\t\t\t<div class=\"elementor-widget-wrap elementor-element-populated\">\n\t\t\t\t\t\t<div class=\"elementor-element elementor-element-3cc8d09a elementor-widget elementor-widget-cs_title\" data-id=\"3cc8d09a\" data-element_type=\"widget\" data-widget_type=\"cs_title.default\">\n\t\t\t\t<div class=\"elementor-widget-container\">\n\t\t\t\t\t\n        <div class=\"cs-title-wrap text-center\">\t            <h2 class=\"cs-title\">\n\t                Der Herbst\t            <\/h2>        <\/div>\t\t\t\t<\/div>\n\t\t\t\t<\/div>\n\t\t\t\t\t<\/div>\n\t\t<\/div>\n\t\t\t\t\t<\/div>\n\t\t<\/section>\n\t\t\t\t<section class=\"elementor-section elementor-top-section elementor-element elementor-element-4446a37 cs-section-content-fullwidth elementor-section-boxed elementor-section-height-default elementor-section-height-default\" data-id=\"4446a37\" data-element_type=\"section\">\n\t\t\t\t\t\t<div class=\"elementor-container elementor-column-gap-no\">\n\t\t\t\t\t<div class=\"elementor-column elementor-col-100 elementor-top-column elementor-element elementor-element-c1104a1\" data-id=\"c1104a1\" data-element_type=\"column\" data-settings=\"{&quot;background_background&quot;:&quot;classic&quot;}\">\n\t\t\t<div class=\"elementor-widget-wrap elementor-element-populated\">\n\t\t\t\t\t\t<div class=\"elementor-element elementor-element-1e1a532 elementor-widget elementor-widget-text-editor\" data-id=\"1e1a532\" data-element_type=\"widget\" data-widget_type=\"text-editor.default\">\n\t\t\t\t<div class=\"elementor-widget-container\">\n\t\t\t\t\t\t\t\t\t<p>Wenn Sie uns in dieser Zeit besuchen, haben Sie die einmalige Gelegenheit, die Apfelernte im Rahmen der Initiative \u201eMelacolgo\u201c hautnah zu erleben \u2013 an der wir mit gro\u00dfer Begeisterung teilnehmen. Sie k\u00f6nnen unseren Bauernhof besichtigen, durch die Apfelg\u00e4rten spazieren und den faszinierenden Geschichten von Hermann, unserem erfahrenen Bauern, lauschen. Doch das ist nicht alles: Sie haben au\u00dferdem die M\u00f6glichkeit, Ihre eigenen \u00c4pfel zu pfl\u00fccken und eine k\u00f6stliche Apfeljause zu genie\u00dfen \u2013 eine wunderbare Gelegenheit, in unsere Tradition einzutauchen. Weitere Veranstaltungen rund um den Apfel werden in dieser Zeit organisiert, Sie m\u00fcssen sich nur entscheiden!<\/p><p>Aber das Nonstal bietet nicht nur \u00c4pfel! Wir laden Sie ein, an verschiedenen Erlebnissen teilzunehmen, die Ihnen unser Leben als Landwirte und Produzenten n\u00e4herbringen. Ob Familien, Paare oder einfach Naturliebhaber \u2013 unvergessliche Erinnerungen sind garantiert.<\/p>\t\t\t\t\t\t\t\t<\/div>\n\t\t\t\t<\/div>\n\t\t\t\t\t<\/div>\n\t\t<\/div>\n\t\t\t\t\t<\/div>\n\t\t<\/section>\n\t\t\t\t<section class=\"elementor-section elementor-top-section elementor-element elementor-element-bbb0c68 cs-section-content-fullwidth nopaddi elementor-section-boxed elementor-section-height-default elementor-section-height-default\" data-id=\"bbb0c68\" data-element_type=\"section\">\n\t\t\t\t\t\t<div class=\"elementor-container elementor-column-gap-no\">\n\t\t\t\t\t<div class=\"elementor-column elementor-col-50 elementor-top-column elementor-element elementor-element-93e9dbe\" data-id=\"93e9dbe\" data-element_type=\"column\" data-settings=\"{&quot;background_background&quot;:&quot;classic&quot;}\">\n\t\t\t<div class=\"elementor-widget-wrap elementor-element-populated\">\n\t\t\t\t\t\t<div class=\"elementor-element elementor-element-59d263e elementor-widget elementor-widget-image\" data-id=\"59d263e\" data-element_type=\"widget\" data-widget_type=\"image.default\">\n\t\t\t\t<div class=\"elementor-widget-container\">\n\t\t\t\t\t\t\t\t\t\t\t\t\t\t\t<img fetchpriority=\"high\" decoding=\"async\" width=\"1024\" height=\"768\" src=\"https:\/\/agriturbelladibosco.com\/de\/wp-content\/uploads\/sites\/3\/2024\/07\/lago-tovel.jpg\" class=\"attachment-large size-large wp-image-2790\" alt=\"\" srcset=\"https:\/\/agriturbelladibosco.com\/de\/wp-content\/uploads\/sites\/3\/2024\/07\/lago-tovel.jpg 1024w, https:\/\/agriturbelladibosco.com\/de\/wp-content\/uploads\/sites\/3\/2024\/07\/lago-tovel-300x225.jpg 300w, https:\/\/agriturbelladibosco.com\/de\/wp-content\/uploads\/sites\/3\/2024\/07\/lago-tovel-768x576.jpg 768w, https:\/\/agriturbelladibosco.com\/de\/wp-content\/uploads\/sites\/3\/2024\/07\/lago-tovel-780x585.jpg 780w, https:\/\/agriturbelladibosco.com\/de\/wp-content\/uploads\/sites\/3\/2024\/07\/lago-tovel-600x450.jpg 600w, https:\/\/agriturbelladibosco.com\/de\/wp-content\/uploads\/sites\/3\/2024\/07\/lago-tovel-550x413.jpg 550w, https:\/\/agriturbelladibosco.com\/de\/wp-content\/uploads\/sites\/3\/2024\/07\/lago-tovel-370x278.jpg 370w, https:\/\/agriturbelladibosco.com\/de\/wp-content\/uploads\/sites\/3\/2024\/07\/lago-tovel-255x191.jpg 255w\" sizes=\"(max-width: 1024px) 100vw, 1024px\" \/>\t\t\t\t\t\t\t\t\t\t\t\t\t\t\t<\/div>\n\t\t\t\t<\/div>\n\t\t\t\t\t<\/div>\n\t\t<\/div>\n\t\t\t\t<div class=\"elementor-column elementor-col-50 elementor-top-column elementor-element elementor-element-6f2f9fe\" data-id=\"6f2f9fe\" data-element_type=\"column\" data-settings=\"{&quot;background_background&quot;:&quot;classic&quot;}\">\n\t\t\t<div class=\"elementor-widget-wrap elementor-element-populated\">\n\t\t\t\t\t\t<div class=\"elementor-element elementor-element-f63c036 elementor-widget elementor-widget-image\" data-id=\"f63c036\" data-element_type=\"widget\" data-widget_type=\"image.default\">\n\t\t\t\t<div class=\"elementor-widget-container\">\n\t\t\t\t\t\t\t\t\t\t\t\t\t\t\t<img decoding=\"async\" width=\"1024\" height=\"768\" src=\"https:\/\/agriturbelladibosco.com\/de\/wp-content\/uploads\/sites\/3\/2024\/07\/cima-roen.jpg\" class=\"attachment-large size-large wp-image-2820\" alt=\"\" srcset=\"https:\/\/agriturbelladibosco.com\/de\/wp-content\/uploads\/sites\/3\/2024\/07\/cima-roen.jpg 1024w, https:\/\/agriturbelladibosco.com\/de\/wp-content\/uploads\/sites\/3\/2024\/07\/cima-roen-300x225.jpg 300w, https:\/\/agriturbelladibosco.com\/de\/wp-content\/uploads\/sites\/3\/2024\/07\/cima-roen-768x576.jpg 768w, https:\/\/agriturbelladibosco.com\/de\/wp-content\/uploads\/sites\/3\/2024\/07\/cima-roen-780x585.jpg 780w, https:\/\/agriturbelladibosco.com\/de\/wp-content\/uploads\/sites\/3\/2024\/07\/cima-roen-600x450.jpg 600w, https:\/\/agriturbelladibosco.com\/de\/wp-content\/uploads\/sites\/3\/2024\/07\/cima-roen-550x413.jpg 550w, https:\/\/agriturbelladibosco.com\/de\/wp-content\/uploads\/sites\/3\/2024\/07\/cima-roen-370x278.jpg 370w, https:\/\/agriturbelladibosco.com\/de\/wp-content\/uploads\/sites\/3\/2024\/07\/cima-roen-255x191.jpg 255w\" sizes=\"(max-width: 1024px) 100vw, 1024px\" \/>\t\t\t\t\t\t\t\t\t\t\t\t\t\t\t<\/div>\n\t\t\t\t<\/div>\n\t\t\t\t\t<\/div>\n\t\t<\/div>\n\t\t\t\t\t<\/div>\n\t\t<\/section>\n\t\t\t\t<section class=\"elementor-section elementor-top-section elementor-element elementor-element-ae2d304 cs-section-content-fullwidth elementor-section-boxed elementor-section-height-default elementor-section-height-default\" data-id=\"ae2d304\" data-element_type=\"section\">\n\t\t\t\t\t\t<div class=\"elementor-container elementor-column-gap-no\">\n\t\t\t\t\t<div class=\"elementor-column elementor-col-100 elementor-top-column elementor-element elementor-element-9477b4a\" data-id=\"9477b4a\" data-element_type=\"column\" data-settings=\"{&quot;background_background&quot;:&quot;classic&quot;}\">\n\t\t\t<div class=\"elementor-widget-wrap elementor-element-populated\">\n\t\t\t\t\t\t<div class=\"elementor-element elementor-element-c4d703f elementor-widget elementor-widget-text-editor\" data-id=\"c4d703f\" data-element_type=\"widget\" data-widget_type=\"text-editor.default\">\n\t\t\t\t<div class=\"elementor-widget-container\">\n\t\t\t\t\t\t\t\t\t<p>Und um den Abschluss dieser intensiven Zeit geb\u00fchrend zu feiern, d\u00fcrfen Sie \u201ePomaria\u201c, das gro\u00dfe Apfelfest, nicht verpassen! Ein Event voller Aktivit\u00e4ten, bei dem Sie alte Handwerke entdecken, typische Produkte verkosten und an kreativen Workshops teilnehmen k\u00f6nnen.<\/p><p>Im Herbst k\u00f6nnen Sie sich \u2013 mit der entsprechenden Genehmigung \u2013 auch in die W\u00e4lder aufmachen, um k\u00f6stliche Pilze zu sammeln, eine besonders verlockende Gelegenheit f\u00fcr wahre Feinschmecker. Und wenn Sie bereit sind f\u00fcr ein noch spannenderes Abenteuer, empfehlen wir Ihnen, die H\u00f6hen des Monte Roen zu erkunden, wo Sie das eindrucksvolle R\u00f6hren der Hirsche erleben k\u00f6nnen \u2013 ein Schauspiel, das Sie sprachlos machen wird.<\/p><p>Wir erwarten Sie im Nonstal f\u00fcr einen Herbst voller Entdeckungen, Genuss und Tradition. Wir freuen uns darauf, unsere Leidenschaft f\u00fcr dieses wunderbare Land mit Ihnen zu teilen!<\/p>\t\t\t\t\t\t\t\t<\/div>\n\t\t\t\t<\/div>\n\t\t\t\t\t<\/div>\n\t\t<\/div>\n\t\t\t\t\t<\/div>\n\t\t<\/section>\n\t\t\t\t<section class=\"elementor-section elementor-top-section elementor-element elementor-element-ff11b2c cs-section-content-fullwidth nopaddi elementor-section-boxed elementor-section-height-default elementor-section-height-default\" data-id=\"ff11b2c\" data-element_type=\"section\">\n\t\t\t\t\t\t<div class=\"elementor-container elementor-column-gap-no\">\n\t\t\t\t\t<div class=\"elementor-column elementor-col-50 elementor-top-column elementor-element elementor-element-d709b83\" data-id=\"d709b83\" data-element_type=\"column\" data-settings=\"{&quot;background_background&quot;:&quot;classic&quot;}\">\n\t\t\t<div class=\"elementor-widget-wrap elementor-element-populated\">\n\t\t\t\t\t\t<div class=\"elementor-element elementor-element-2d96100 elementor-widget elementor-widget-image\" data-id=\"2d96100\" data-element_type=\"widget\" data-widget_type=\"image.default\">\n\t\t\t\t<div class=\"elementor-widget-container\">\n\t\t\t\t\t\t\t\t\t\t\t\t\t\t\t<img decoding=\"async\" width=\"1024\" height=\"768\" src=\"https:\/\/agriturbelladibosco.com\/de\/wp-content\/uploads\/sites\/3\/2024\/07\/due-laghi.jpg\" class=\"attachment-large size-large wp-image-2839\" alt=\"\" srcset=\"https:\/\/agriturbelladibosco.com\/de\/wp-content\/uploads\/sites\/3\/2024\/07\/due-laghi.jpg 1024w, https:\/\/agriturbelladibosco.com\/de\/wp-content\/uploads\/sites\/3\/2024\/07\/due-laghi-300x225.jpg 300w, https:\/\/agriturbelladibosco.com\/de\/wp-content\/uploads\/sites\/3\/2024\/07\/due-laghi-768x576.jpg 768w, https:\/\/agriturbelladibosco.com\/de\/wp-content\/uploads\/sites\/3\/2024\/07\/due-laghi-780x585.jpg 780w, https:\/\/agriturbelladibosco.com\/de\/wp-content\/uploads\/sites\/3\/2024\/07\/due-laghi-600x450.jpg 600w, https:\/\/agriturbelladibosco.com\/de\/wp-content\/uploads\/sites\/3\/2024\/07\/due-laghi-550x413.jpg 550w, https:\/\/agriturbelladibosco.com\/de\/wp-content\/uploads\/sites\/3\/2024\/07\/due-laghi-370x278.jpg 370w, https:\/\/agriturbelladibosco.com\/de\/wp-content\/uploads\/sites\/3\/2024\/07\/due-laghi-255x191.jpg 255w\" sizes=\"(max-width: 1024px) 100vw, 1024px\" \/>\t\t\t\t\t\t\t\t\t\t\t\t\t\t\t<\/div>\n\t\t\t\t<\/div>\n\t\t\t\t\t<\/div>\n\t\t<\/div>\n\t\t\t\t<div class=\"elementor-column elementor-col-50 elementor-top-column elementor-element elementor-element-0f287be\" data-id=\"0f287be\" data-element_type=\"column\" data-settings=\"{&quot;background_background&quot;:&quot;classic&quot;}\">\n\t\t\t<div class=\"elementor-widget-wrap elementor-element-populated\">\n\t\t\t\t\t\t<div class=\"elementor-element elementor-element-7889bab elementor-widget elementor-widget-image\" data-id=\"7889bab\" data-element_type=\"widget\" data-widget_type=\"image.default\">\n\t\t\t\t<div class=\"elementor-widget-container\">\n\t\t\t\t\t\t\t\t\t\t\t\t\t\t\t<img loading=\"lazy\" decoding=\"async\" width=\"1024\" height=\"768\" src=\"https:\/\/agriturbelladibosco.com\/de\/wp-content\/uploads\/sites\/3\/2024\/07\/castel_thun.jpg\" class=\"attachment-large size-large wp-image-2850\" alt=\"\" srcset=\"https:\/\/agriturbelladibosco.com\/de\/wp-content\/uploads\/sites\/3\/2024\/07\/castel_thun.jpg 1024w, https:\/\/agriturbelladibosco.com\/de\/wp-content\/uploads\/sites\/3\/2024\/07\/castel_thun-300x225.jpg 300w, https:\/\/agriturbelladibosco.com\/de\/wp-content\/uploads\/sites\/3\/2024\/07\/castel_thun-768x576.jpg 768w, https:\/\/agriturbelladibosco.com\/de\/wp-content\/uploads\/sites\/3\/2024\/07\/castel_thun-780x585.jpg 780w, https:\/\/agriturbelladibosco.com\/de\/wp-content\/uploads\/sites\/3\/2024\/07\/castel_thun-600x450.jpg 600w, https:\/\/agriturbelladibosco.com\/de\/wp-content\/uploads\/sites\/3\/2024\/07\/castel_thun-550x413.jpg 550w, https:\/\/agriturbelladibosco.com\/de\/wp-content\/uploads\/sites\/3\/2024\/07\/castel_thun-370x278.jpg 370w, https:\/\/agriturbelladibosco.com\/de\/wp-content\/uploads\/sites\/3\/2024\/07\/castel_thun-255x191.jpg 255w\" sizes=\"(max-width: 1024px) 100vw, 1024px\" \/>\t\t\t\t\t\t\t\t\t\t\t\t\t\t\t<\/div>\n\t\t\t\t<\/div>\n\t\t\t\t\t<\/div>\n\t\t<\/div>\n\t\t\t\t\t<\/div>\n\t\t<\/section>\n\t\t\t\t<section class=\"elementor-section elementor-top-section elementor-element elementor-element-a6a5899 ph-credits-section elementor-section-boxed elementor-section-height-default elementor-section-height-default\" data-id=\"a6a5899\" data-element_type=\"section\">\n\t\t\t\t\t\t<div class=\"elementor-container elementor-column-gap-no\">\n\t\t\t\t\t<div class=\"elementor-column elementor-col-33 elementor-top-column elementor-element elementor-element-85209ca\" data-id=\"85209ca\" data-element_type=\"column\">\n\t\t\t<div class=\"elementor-widget-wrap\">\n\t\t\t\t\t\t\t<\/div>\n\t\t<\/div>\n\t\t\t\t<div class=\"elementor-column elementor-col-33 elementor-top-column elementor-element elementor-element-0149e04\" data-id=\"0149e04\" data-element_type=\"column\">\n\t\t\t<div class=\"elementor-widget-wrap elementor-element-populated\">\n\t\t\t\t\t\t<div class=\"elementor-element elementor-element-7d346ff elementor-widget elementor-widget-text-editor\" data-id=\"7d346ff\" data-element_type=\"widget\" data-widget_type=\"text-editor.default\">\n\t\t\t\t<div class=\"elementor-widget-container\">\n\t\t\t\t\t\t\t\t\t<div class=\"ph-credits\"><div><span class=\"ph-credits-label\">Fotos: <\/span><span class=\"ph-credits-auth\">Agritur Bella di Bosco e\u00a0<a href=\"https:\/\/www.visitvaldinon.it\/\">Visit Val di Non<\/a><\/span><\/div><\/div>\t\t\t\t\t\t\t\t<\/div>\n\t\t\t\t<\/div>\n\t\t\t\t\t<\/div>\n\t\t<\/div>\n\t\t\t\t<div class=\"elementor-column elementor-col-33 elementor-top-column elementor-element elementor-element-438aec7\" data-id=\"438aec7\" data-element_type=\"column\">\n\t\t\t<div class=\"elementor-widget-wrap\">\n\t\t\t\t\t\t\t<\/div>\n\t\t<\/div>\n\t\t\t\t\t<\/div>\n\t\t<\/section>\n\t\t\t\t<\/div>\n\t\t","protected":false},"excerpt":{"rendered":"<p>Was Tun Der Herbst Wenn Sie uns in dieser Zeit besuchen, haben Sie die einmalige Gelegenheit, die Apfelernte im Rahmen der Initiative \u201eMelacolgo\u201c hautnah zu erleben \u2013 an der wir mit gro\u00dfer Begeisterung teilnehmen. Sie k\u00f6nnen unseren Bauernhof besichtigen, durch die Apfelg\u00e4rten spazieren und den faszinierenden Geschichten von Hermann, unserem erfahrenen Bauern, lauschen. Doch das &#8230;<\/p>\n","protected":false},"author":1,"featured_media":0,"parent":2940,"menu_order":0,"comment_status":"closed","ping_status":"closed","template":"template-wide-content.php","meta":{"cozystay_single_page_hide_site_header":"","cozystay_single_page_site_header_source":"","cozystay_single_page_custom_site_header":"0","cozystay_single_page_custom_sticky_site_header":"0","cozystay_single_page_hide_page_title":"on","cozystay_single_page_header_section_size":"","cozystay_single_page_header_background_color":"","cozystay_single_page_header_background_position_x":"center","cozystay_single_page_header_background_position_y":"center","cozystay_single_page_header_background_size":"cover","cozystay_single_page_header_background_repeat":"off","cozystay_single_page_header_background_scroll":"on","cozystay_single_page_header_text_color":"","cozystay_single_page_header_show_breadcrumb":"","cozystay_single_page_site_footer_hide_main":"","cozystay_single_custom_site_footer_main_source":"","cozystay_single_custom_site_footer_main":"0","cozystay_single_page_site_footer_hide_above":"","cozystay_single_custom_site_footer_above_source":"","cozystay_single_custom_site_footer_above":"0","cozystay_single_page_site_footer_hide_instagram":"","cozystay_single_page_site_footer_hide_bottom":"","cozystay_single_custom_mobile_menu_source":"","cozystay_single_custom_mobile_menu":"0","cozystay_single_custom_mobile_menu_animation":"","cozystay_single_custom_mobile_menu_width":"","cozystay_single_custom_mobile_menu_custom_width":375,"footnotes":""},"class_list":["post-3546","page","type-page","status-publish","hentry"],"_links":{"self":[{"href":"https:\/\/agriturbelladibosco.com\/de\/wp-json\/wp\/v2\/pages\/3546","targetHints":{"allow":["GET"]}}],"collection":[{"href":"https:\/\/agriturbelladibosco.com\/de\/wp-json\/wp\/v2\/pages"}],"about":[{"href":"https:\/\/agriturbelladibosco.com\/de\/wp-json\/wp\/v2\/types\/page"}],"author":[{"embeddable":true,"href":"https:\/\/agriturbelladibosco.com\/de\/wp-json\/wp\/v2\/users\/1"}],"replies":[{"embeddable":true,"href":"https:\/\/agriturbelladibosco.com\/de\/wp-json\/wp\/v2\/comments?post=3546"}],"version-history":[{"count":17,"href":"https:\/\/agriturbelladibosco.com\/de\/wp-json\/wp\/v2\/pages\/3546\/revisions"}],"predecessor-version":[{"id":4000,"href":"https:\/\/agriturbelladibosco.com\/de\/wp-json\/wp\/v2\/pages\/3546\/revisions\/4000"}],"up":[{"embeddable":true,"href":"https:\/\/agriturbelladibosco.com\/de\/wp-json\/wp\/v2\/pages\/2940"}],"wp:attachment":[{"href":"https:\/\/agriturbelladibosco.com\/de\/wp-json\/wp\/v2\/media?parent=3546"}],"curies":[{"name":"wp","href":"https:\/\/api.w.org\/{rel}","templated":true}]}}