{"id":3452,"date":"2024-09-10T17:04:48","date_gmt":"2024-09-10T17:04:48","guid":{"rendered":"https:\/\/agriturbelladibosco.com\/de\/?page_id=3452"},"modified":"2025-08-22T13:03:35","modified_gmt":"2025-08-22T13:03:35","slug":"psr-2014-2020","status":"publish","type":"page","link":"https:\/\/agriturbelladibosco.com\/de\/landwirtschaftlicher-betrieb\/psr-2014-2020","title":{"rendered":"Psr 2014-2020"},"content":{"rendered":"\t\t<div data-elementor-type=\"wp-page\" data-elementor-id=\"3452\" class=\"elementor elementor-3452\">\n\t\t\t\t\t\t<section class=\"elementor-section elementor-top-section elementor-element elementor-element-45a1740b elementor-section-height-min-height cs-section-content-fullwidth cs-parallax-on-scroll cs_scroll_y_100 elementor-section-boxed elementor-section-height-default elementor-section-items-middle\" data-id=\"45a1740b\" data-element_type=\"section\" data-settings=\"{&quot;background_background&quot;:&quot;classic&quot;}\" data-cs-parallax-y=\"100\" style=\"background-image: none;\" data-cs-background-image=\"https:\/\/agriturbelladibosco.com\/de\/wp-content\/uploads\/2024\/07\/agritur-bella-di-bosco-chi-siamo.jpg\" data-cs-background-image-alt-text=\"\">\n\t\t\t\t\t\t\t<div class=\"elementor-background-overlay\"><\/div>\n\t\t\t\t\t\t\t<div class=\"elementor-container elementor-column-gap-no\">\n\t\t\t\t\t<div class=\"elementor-column elementor-col-100 elementor-top-column elementor-element elementor-element-2da59bf7 dark-color\" data-id=\"2da59bf7\" data-element_type=\"column\">\n\t\t\t<div class=\"elementor-widget-wrap elementor-element-populated\">\n\t\t\t\t\t\t<div class=\"elementor-element elementor-element-bb3d88e elementor-widget elementor-widget-cs_title\" data-id=\"bb3d88e\" data-element_type=\"widget\" data-widget_type=\"cs_title.default\">\n\t\t\t\t<div class=\"elementor-widget-container\">\n\t\t\t\t\t\n        <div class=\"cs-title-wrap text-center\">\t            <div class=\"cs-subtitle-wrap\"><span class=\"cs-subtitle color-white\">LANDWIRTSCHAFTLICHER BETRIEB<\/span><\/div>\t            <h1 class=\"cs-title\">\n\t                Psr 2014-2020\t            <\/h1>        <\/div>\t\t\t\t<\/div>\n\t\t\t\t<\/div>\n\t\t\t\t\t<\/div>\n\t\t<\/div>\n\t\t\t\t\t<\/div>\n\t\t<\/section>\n\t\t\t\t<section class=\"elementor-section elementor-top-section elementor-element elementor-element-45e60f74 cs-section-content-fullwidth elementor-section-boxed elementor-section-height-default elementor-section-height-default\" data-id=\"45e60f74\" data-element_type=\"section\" data-settings=\"{&quot;background_background&quot;:&quot;classic&quot;}\">\n\t\t\t\t\t\t<div class=\"elementor-container elementor-column-gap-no\">\n\t\t\t\t\t<div class=\"elementor-column elementor-col-100 elementor-top-column elementor-element elementor-element-12d88af2\" data-id=\"12d88af2\" data-element_type=\"column\">\n\t\t\t<div class=\"elementor-widget-wrap elementor-element-populated\">\n\t\t\t\t\t\t<div class=\"elementor-element elementor-element-3cc8d09a elementor-widget elementor-widget-cs_title\" data-id=\"3cc8d09a\" data-element_type=\"widget\" data-widget_type=\"cs_title.default\">\n\t\t\t\t<div class=\"elementor-widget-container\">\n\t\t\t\t\t\n        <div class=\"cs-title-wrap text-center\">\t            <div class=\"cs-subtitle-wrap\"><span class=\"cs-subtitle\">UNSER LANDWIRTSCHAFTLICHER BETRIEB<\/span><\/div>\t            <h2 class=\"cs-title\">\n\t                Aus der Natur, mit Herz und Leidenschaft, f\u00fcr Sie\t            <\/h2>\t            <div class=\"cs-title-text\">\n\t                <div class=\"vc_wp_text wpb_content_element\">\n<div class=\"widget widget_text\">\n<div class=\"textwidget\">\n<p style=\"text-align: left;\">Der landwirtschaftliche Betrieb Brentari Hermann, gelegen in Predaia, Fraktion Smarano im Val di Non, ist ein familiengef\u00fchrtes Unternehmen, das sich dem Anbau von \u00c4pfeln und Kirschen widmet.<\/p>\n<p style=\"text-align: left;\">Dank des Entwicklungsprogramms f\u00fcr den l\u00e4ndlichen Raum 2014\u20132020 der Autonomen Provinz Trient und insbesondere durch die Genehmigung des F\u00f6rderantrags f\u00fcr die Ma\u00dfnahme 4.1.1. \u201eUnterst\u00fctzung von Investitionen in landwirtschaftlichen Betrieben\u201c war es m\u00f6glich, folgende Anschaffungen zu t\u00e4tigen: Netz-Photovoltaikanlage, Regenschutz\u00fcberdachung, Erntewagen und Miststreuer-Anh\u00e4nger.<\/p>\n<p style=\"text-align: left;\">Der Einsatz des Wagens dient in erster Linie dazu, unter sicheren Bedingungen zu arbeiten, insbesondere bei der Ernte, dem Schnitt, dem Ausd\u00fcnnen sowie beim \u00d6ffnen und Schlie\u00dfen von Hagelnetzen und Regenschutzplanen \u2013 es handelt sich um ein zugelassenes Ger\u00e4t.<\/p>\n<p style=\"text-align: left;\">Wir haben eine Photovoltaikanlage installiert, um unsere Unterkunft umweltfreundlicher zu machen und zur Produktion sauberer Energie beizutragen.<\/p>\n<p style=\"text-align: left;\">Die Regenschutz\u00fcberdachung ist ein System, das das Aufplatzen der Kirschen verhindert und so ein gesundes und hochwertiges Produkt gew\u00e4hrleistet.<\/p>\n<p style=\"text-align: left;\">Der Miststreuer wurde angeschafft, um die Zufuhr von organischer Substanz zu erleichtern, die f\u00fcr die Erhaltung einer guten Bodenqualit\u00e4t unerl\u00e4sslich ist.<\/p>\n\n<div class=\"vc_gutenberg wpb_content_element \" style=\"text-align: left;\">\n<div class=\"wpb_wrapper\">\n<table class=\"wp-block-table\">\n<tbody>\n<tr>\n<td>Beschreibung<\/td>\n<td>Anerkannte Ausgaben \u20ac<\/td>\n<td>% des Eingriffs<\/td>\n<td>Beitrag \u20ac<\/td>\n<\/tr>\n<tr>\n<td>Netz-Photovoltaikanlage<\/td>\n<td>6.400,-<\/td>\n<td>40<\/td>\n<td>2.560,-<\/td>\n<\/tr>\n<tr>\n<td>Regenschutz\u00fcberdachung<\/td>\n<td>16.006,80<\/td>\n<td>40<\/td>\n<td>6.402,72<\/td>\n<\/tr>\n<tr>\n<td>Erntewagen<\/td>\n<td>25.000,-<\/td>\n<td>30<\/td>\n<td>7.500,-<\/td>\n<\/tr>\n<tr>\n<td>Miststreuer-Anh\u00e4nger<\/td>\n<td>5.000,-<\/td>\n<td>30<\/td>\n<td>1.500,-<\/td>\n<\/tr>\n<tr>\n<td><strong>Gesamt<\/strong><\/td>\n<td><strong>52.406,80<\/strong><\/td>\n<td><\/td>\n<td><strong>17.962,72<\/strong><\/td>\n<\/tr>\n<\/tbody>\n<\/table>\n<\/div>\n<\/div>\n<div class=\"vc_wp_text wpb_content_element\" style=\"text-align: left;\">\n<div class=\"widget widget_text\">\n<div class=\"textwidget\">\n\nF\u00fcr weitere Informationen zu Finanzierungsm\u00f6glichkeiten besuchen Sie die Website des ELR-Programms www.psr.provinicia.tn.it sowie die der Europ\u00e4ischen Kommission zum ELER https:\/\/ec.europa.eu\/agriculture\/rural-development-2014-2020_it\n\nMit der landwirtschaftlichen T\u00e4tigkeit verbunden ist die agritouristische Aktivit\u00e4t, die Unterkunft mit \u00dcbernachtung und Fr\u00fchst\u00fcck bietet.\n\n<\/div>\n<\/div>\n<\/div>\n<\/div>\n<\/div>\n<\/div>\n<div class=\"vc_gutenberg wpb_content_element \" style=\"text-align: left;\"><\/div>\t            <\/div>        <\/div>\t\t\t\t<\/div>\n\t\t\t\t<\/div>\n\t\t\t\t<div class=\"elementor-element elementor-element-6d66057 cs-animation-small-offset elementor-invisible elementor-widget elementor-widget-cs_gallery\" data-id=\"6d66057\" data-element_type=\"widget\" data-settings=\"{&quot;_animation&quot;:&quot;fadeInUp&quot;,&quot;_animation_delay&quot;:300}\" data-widget_type=\"cs_gallery.default\">\n\t\t\t\t<div class=\"elementor-widget-container\">\n\t\t\t\t\t\n            <div class=\"cs-gallery gap-5 gallery-grid grid-col-3\">\n                <div class=\"cs-gallery-wrap\">                    <div class=\"cs-gallery-item\"><img fetchpriority=\"high\" decoding=\"async\" width=\"550\" height=\"825\" src=\"https:\/\/agriturbelladibosco.com\/de\/wp-content\/uploads\/sites\/3\/2024\/07\/bella-di-bosco-chi-siamo-2-550x825.jpg\" class=\"attachment-cozystay_550x9999 size-cozystay_550x9999 wp-image-2425\" alt=\"\" srcset=\"https:\/\/agriturbelladibosco.com\/de\/wp-content\/uploads\/sites\/3\/2024\/07\/bella-di-bosco-chi-siamo-2-550x825.jpg 550w, https:\/\/agriturbelladibosco.com\/de\/wp-content\/uploads\/sites\/3\/2024\/07\/bella-di-bosco-chi-siamo-2-200x300.jpg 200w, https:\/\/agriturbelladibosco.com\/de\/wp-content\/uploads\/sites\/3\/2024\/07\/bella-di-bosco-chi-siamo-2-683x1024.jpg 683w, https:\/\/agriturbelladibosco.com\/de\/wp-content\/uploads\/sites\/3\/2024\/07\/bella-di-bosco-chi-siamo-2-768x1152.jpg 768w, https:\/\/agriturbelladibosco.com\/de\/wp-content\/uploads\/sites\/3\/2024\/07\/bella-di-bosco-chi-siamo-2-780x1170.jpg 780w, https:\/\/agriturbelladibosco.com\/de\/wp-content\/uploads\/sites\/3\/2024\/07\/bella-di-bosco-chi-siamo-2-600x900.jpg 600w, https:\/\/agriturbelladibosco.com\/de\/wp-content\/uploads\/sites\/3\/2024\/07\/bella-di-bosco-chi-siamo-2-370x555.jpg 370w, https:\/\/agriturbelladibosco.com\/de\/wp-content\/uploads\/sites\/3\/2024\/07\/bella-di-bosco-chi-siamo-2-255x382.jpg 255w, https:\/\/agriturbelladibosco.com\/de\/wp-content\/uploads\/sites\/3\/2024\/07\/bella-di-bosco-chi-siamo-2.jpg 869w\" sizes=\"(max-width: 550px) 100vw, 550px\" \/>                    <\/div>                    <div class=\"cs-gallery-item\"><img decoding=\"async\" width=\"550\" height=\"825\" src=\"https:\/\/agriturbelladibosco.com\/de\/wp-content\/uploads\/sites\/3\/2024\/07\/bella-di-bosco-chi-siamo-3-550x825.jpg\" class=\"attachment-cozystay_550x9999 size-cozystay_550x9999 wp-image-2426\" alt=\"\" srcset=\"https:\/\/agriturbelladibosco.com\/de\/wp-content\/uploads\/sites\/3\/2024\/07\/bella-di-bosco-chi-siamo-3-550x825.jpg 550w, https:\/\/agriturbelladibosco.com\/de\/wp-content\/uploads\/sites\/3\/2024\/07\/bella-di-bosco-chi-siamo-3-200x300.jpg 200w, https:\/\/agriturbelladibosco.com\/de\/wp-content\/uploads\/sites\/3\/2024\/07\/bella-di-bosco-chi-siamo-3-683x1024.jpg 683w, https:\/\/agriturbelladibosco.com\/de\/wp-content\/uploads\/sites\/3\/2024\/07\/bella-di-bosco-chi-siamo-3-768x1152.jpg 768w, https:\/\/agriturbelladibosco.com\/de\/wp-content\/uploads\/sites\/3\/2024\/07\/bella-di-bosco-chi-siamo-3-780x1170.jpg 780w, https:\/\/agriturbelladibosco.com\/de\/wp-content\/uploads\/sites\/3\/2024\/07\/bella-di-bosco-chi-siamo-3-600x900.jpg 600w, https:\/\/agriturbelladibosco.com\/de\/wp-content\/uploads\/sites\/3\/2024\/07\/bella-di-bosco-chi-siamo-3-370x555.jpg 370w, https:\/\/agriturbelladibosco.com\/de\/wp-content\/uploads\/sites\/3\/2024\/07\/bella-di-bosco-chi-siamo-3-255x382.jpg 255w, https:\/\/agriturbelladibosco.com\/de\/wp-content\/uploads\/sites\/3\/2024\/07\/bella-di-bosco-chi-siamo-3.jpg 869w\" sizes=\"(max-width: 550px) 100vw, 550px\" \/>                    <\/div>                    <div class=\"cs-gallery-item\"><img decoding=\"async\" width=\"550\" height=\"825\" src=\"https:\/\/agriturbelladibosco.com\/de\/wp-content\/uploads\/sites\/3\/2024\/07\/bella-di-bosco-chi-siamo-4-550x825.jpg\" class=\"attachment-cozystay_550x9999 size-cozystay_550x9999 wp-image-2427\" alt=\"\" srcset=\"https:\/\/agriturbelladibosco.com\/de\/wp-content\/uploads\/sites\/3\/2024\/07\/bella-di-bosco-chi-siamo-4-550x825.jpg 550w, https:\/\/agriturbelladibosco.com\/de\/wp-content\/uploads\/sites\/3\/2024\/07\/bella-di-bosco-chi-siamo-4-200x300.jpg 200w, https:\/\/agriturbelladibosco.com\/de\/wp-content\/uploads\/sites\/3\/2024\/07\/bella-di-bosco-chi-siamo-4-683x1024.jpg 683w, https:\/\/agriturbelladibosco.com\/de\/wp-content\/uploads\/sites\/3\/2024\/07\/bella-di-bosco-chi-siamo-4-768x1152.jpg 768w, https:\/\/agriturbelladibosco.com\/de\/wp-content\/uploads\/sites\/3\/2024\/07\/bella-di-bosco-chi-siamo-4-780x1170.jpg 780w, https:\/\/agriturbelladibosco.com\/de\/wp-content\/uploads\/sites\/3\/2024\/07\/bella-di-bosco-chi-siamo-4-600x900.jpg 600w, https:\/\/agriturbelladibosco.com\/de\/wp-content\/uploads\/sites\/3\/2024\/07\/bella-di-bosco-chi-siamo-4-370x555.jpg 370w, https:\/\/agriturbelladibosco.com\/de\/wp-content\/uploads\/sites\/3\/2024\/07\/bella-di-bosco-chi-siamo-4-255x382.jpg 255w, https:\/\/agriturbelladibosco.com\/de\/wp-content\/uploads\/sites\/3\/2024\/07\/bella-di-bosco-chi-siamo-4.jpg 869w\" sizes=\"(max-width: 550px) 100vw, 550px\" \/>                    <\/div>                <\/div>\n            <\/div>\t\t\t\t<\/div>\n\t\t\t\t<\/div>\n\t\t\t\t\t<\/div>\n\t\t<\/div>\n\t\t\t\t\t<\/div>\n\t\t<\/section>\n\t\t\t\t<section class=\"elementor-section elementor-top-section elementor-element elementor-element-394a262 ph-credits-section elementor-section-boxed elementor-section-height-default elementor-section-height-default\" data-id=\"394a262\" data-element_type=\"section\">\n\t\t\t\t\t\t<div class=\"elementor-container elementor-column-gap-no\">\n\t\t\t\t\t<div class=\"elementor-column elementor-col-33 elementor-top-column elementor-element elementor-element-bb442f6\" data-id=\"bb442f6\" data-element_type=\"column\">\n\t\t\t<div class=\"elementor-widget-wrap\">\n\t\t\t\t\t\t\t<\/div>\n\t\t<\/div>\n\t\t\t\t<div class=\"elementor-column elementor-col-33 elementor-top-column elementor-element elementor-element-a299e64\" data-id=\"a299e64\" data-element_type=\"column\">\n\t\t\t<div class=\"elementor-widget-wrap elementor-element-populated\">\n\t\t\t\t\t\t<div class=\"elementor-element elementor-element-5f4f288 elementor-widget elementor-widget-text-editor\" data-id=\"5f4f288\" data-element_type=\"widget\" data-widget_type=\"text-editor.default\">\n\t\t\t\t<div class=\"elementor-widget-container\">\n\t\t\t\t\t\t\t\t\t<div class=\"ph-credits\"><div><span class=\"ph-credits-label\">Fotografie:<\/span><span class=\"ph-credits-auth\">Agritur Bella di Bosco<\/span><\/div><\/div>\t\t\t\t\t\t\t\t<\/div>\n\t\t\t\t<\/div>\n\t\t\t\t\t<\/div>\n\t\t<\/div>\n\t\t\t\t<div class=\"elementor-column elementor-col-33 elementor-top-column elementor-element elementor-element-db3b1a4\" data-id=\"db3b1a4\" data-element_type=\"column\">\n\t\t\t<div class=\"elementor-widget-wrap\">\n\t\t\t\t\t\t\t<\/div>\n\t\t<\/div>\n\t\t\t\t\t<\/div>\n\t\t<\/section>\n\t\t\t\t<\/div>\n\t\t","protected":false},"excerpt":{"rendered":"<p>LANDWIRTSCHAFTLICHER BETRIEB Psr 2014-2020 UNSER LANDWIRTSCHAFTLICHER BETRIEB Aus der Natur, mit Herz und Leidenschaft, f\u00fcr Sie Der landwirtschaftliche Betrieb Brentari Hermann, gelegen in Predaia, Fraktion Smarano im Val di Non, ist ein familiengef\u00fchrtes Unternehmen, das sich dem Anbau von \u00c4pfeln und Kirschen widmet. Dank des Entwicklungsprogramms f\u00fcr den l\u00e4ndlichen Raum 2014\u20132020 der Autonomen Provinz Trient &#8230;<\/p>\n","protected":false},"author":1,"featured_media":0,"parent":3447,"menu_order":0,"comment_status":"closed","ping_status":"closed","template":"template-wide-content.php","meta":{"cozystay_single_page_hide_site_header":"","cozystay_single_page_site_header_source":"","cozystay_single_page_custom_site_header":"0","cozystay_single_page_custom_sticky_site_header":"0","cozystay_single_page_hide_page_title":"on","cozystay_single_page_header_section_size":"","cozystay_single_page_header_background_color":"","cozystay_single_page_header_background_position_x":"center","cozystay_single_page_header_background_position_y":"center","cozystay_single_page_header_background_size":"cover","cozystay_single_page_header_background_repeat":"off","cozystay_single_page_header_background_scroll":"on","cozystay_single_page_header_text_color":"","cozystay_single_page_header_show_breadcrumb":"","cozystay_single_page_site_footer_hide_main":"","cozystay_single_custom_site_footer_main_source":"","cozystay_single_custom_site_footer_main":"0","cozystay_single_page_site_footer_hide_above":"","cozystay_single_custom_site_footer_above_source":"","cozystay_single_custom_site_footer_above":"0","cozystay_single_page_site_footer_hide_instagram":"","cozystay_single_page_site_footer_hide_bottom":"","cozystay_single_custom_mobile_menu_source":"","cozystay_single_custom_mobile_menu":"0","cozystay_single_custom_mobile_menu_animation":"","cozystay_single_custom_mobile_menu_width":"","cozystay_single_custom_mobile_menu_custom_width":375,"footnotes":""},"class_list":["post-3452","page","type-page","status-publish","hentry"],"_links":{"self":[{"href":"https:\/\/agriturbelladibosco.com\/de\/wp-json\/wp\/v2\/pages\/3452","targetHints":{"allow":["GET"]}}],"collection":[{"href":"https:\/\/agriturbelladibosco.com\/de\/wp-json\/wp\/v2\/pages"}],"about":[{"href":"https:\/\/agriturbelladibosco.com\/de\/wp-json\/wp\/v2\/types\/page"}],"author":[{"embeddable":true,"href":"https:\/\/agriturbelladibosco.com\/de\/wp-json\/wp\/v2\/users\/1"}],"replies":[{"embeddable":true,"href":"https:\/\/agriturbelladibosco.com\/de\/wp-json\/wp\/v2\/comments?post=3452"}],"version-history":[{"count":19,"href":"https:\/\/agriturbelladibosco.com\/de\/wp-json\/wp\/v2\/pages\/3452\/revisions"}],"predecessor-version":[{"id":4030,"href":"https:\/\/agriturbelladibosco.com\/de\/wp-json\/wp\/v2\/pages\/3452\/revisions\/4030"}],"up":[{"embeddable":true,"href":"https:\/\/agriturbelladibosco.com\/de\/wp-json\/wp\/v2\/pages\/3447"}],"wp:attachment":[{"href":"https:\/\/agriturbelladibosco.com\/de\/wp-json\/wp\/v2\/media?parent=3452"}],"curies":[{"name":"wp","href":"https:\/\/api.w.org\/{rel}","templated":true}]}}