{"id":2509,"date":"2024-07-29T13:21:42","date_gmt":"2024-07-29T13:21:42","guid":{"rendered":"http:\/\/agritur-bella-di-bosco.wibzsflhim-xmz4ql05832o.p.temp-site.link\/?page_id=2509"},"modified":"2025-08-22T10:31:35","modified_gmt":"2025-08-22T10:31:35","slug":"leistungen","status":"publish","type":"page","link":"https:\/\/agriturbelladibosco.com\/de\/leistungen","title":{"rendered":"Leistungen"},"content":{"rendered":"\t\t<div data-elementor-type=\"wp-page\" data-elementor-id=\"2509\" class=\"elementor elementor-2509\">\n\t\t\t\t\t\t<section class=\"elementor-section elementor-top-section elementor-element elementor-element-45a1740b elementor-section-height-min-height cs-section-content-fullwidth cs-parallax-on-scroll cs_scroll_y_100 elementor-section-boxed elementor-section-height-default elementor-section-items-middle\" data-id=\"45a1740b\" data-element_type=\"section\" data-settings=\"{&quot;background_background&quot;:&quot;classic&quot;}\" data-cs-parallax-y=\"100\" style=\"background-image: none;\" data-cs-background-image=\"https:\/\/agriturbelladibosco.com\/de\/wp-content\/uploads\/2025\/08\/agritur-bella-di-bosco-servizi-scaled.jpg\" data-cs-background-image-alt-text=\"\">\n\t\t\t\t\t\t\t<div class=\"elementor-background-overlay\"><\/div>\n\t\t\t\t\t\t\t<div class=\"elementor-container elementor-column-gap-no\">\n\t\t\t\t\t<div class=\"elementor-column elementor-col-100 elementor-top-column elementor-element elementor-element-2da59bf7 dark-color\" data-id=\"2da59bf7\" data-element_type=\"column\">\n\t\t\t<div class=\"elementor-widget-wrap elementor-element-populated\">\n\t\t\t\t\t\t<div class=\"elementor-element elementor-element-bb3d88e elementor-widget elementor-widget-cs_title\" data-id=\"bb3d88e\" data-element_type=\"widget\" data-widget_type=\"cs_title.default\">\n\t\t\t\t<div class=\"elementor-widget-container\">\n\t\t\t\t\t\n        <div class=\"cs-title-wrap text-center\">\t            <h1 class=\"cs-title\">\n\t                Serviceleistungen\t            <\/h1>        <\/div>\t\t\t\t<\/div>\n\t\t\t\t<\/div>\n\t\t\t\t\t<\/div>\n\t\t<\/div>\n\t\t\t\t\t<\/div>\n\t\t<\/section>\n\t\t\t\t<section class=\"elementor-section elementor-top-section elementor-element elementor-element-45e60f74 cs-section-content-fullwidth elementor-section-boxed elementor-section-height-default elementor-section-height-default\" data-id=\"45e60f74\" data-element_type=\"section\">\n\t\t\t\t\t\t<div class=\"elementor-container elementor-column-gap-no\">\n\t\t\t\t\t<div class=\"elementor-column elementor-col-100 elementor-top-column elementor-element elementor-element-12d88af2\" data-id=\"12d88af2\" data-element_type=\"column\" data-settings=\"{&quot;background_background&quot;:&quot;classic&quot;}\">\n\t\t\t<div class=\"elementor-widget-wrap elementor-element-populated\">\n\t\t\t\t\t\t<div class=\"elementor-element elementor-element-3cc8d09a elementor-widget elementor-widget-cs_title\" data-id=\"3cc8d09a\" data-element_type=\"widget\" data-widget_type=\"cs_title.default\">\n\t\t\t\t<div class=\"elementor-widget-container\">\n\t\t\t\t\t\n        <div class=\"cs-title-wrap text-center\">\t            <h2 class=\"cs-title\">\n\t                Unsere Serviceleistungen\t            <\/h2>\t            <div class=\"cs-title-text\">\n\t                <p>Alle Zimmer sind ausgestattet mit Minibar, Wasserkocher, Bad mit Dusche und WC, individueller Heizung<br \/>TV in jedem Zimmer<br \/>Bett- und Badw\u00e4sche<br \/>WLAN<br \/>Garten mit Liegest\u00fchlen<br \/>Parkplatz<br \/>Veranda mit Gartenk\u00fcche<br \/>Grillecke<br \/>Tischtennisplatte<br \/>Kinderspiele<br \/>Schaukel und Rutsche<br \/>Abstellraum f\u00fcr Sportger\u00e4te<br \/>Fahrradanh\u00e4nger<br \/>Kinderwagen<br \/>Nat\u00fcrliche Spa: Ruheraum mit Au\u00dfensauna und Holzwanne mit hei\u00dfem Wasser<br \/>Spa-Set (Bademantel, Handtuch und Hausschuhe)<br \/>Ausstellung der Trentino Guest Card *<\/p>\t            <\/div>        <\/div>\t\t\t\t<\/div>\n\t\t\t\t<\/div>\n\t\t\t\t\t<\/div>\n\t\t<\/div>\n\t\t\t\t\t<\/div>\n\t\t<\/section>\n\t\t<div class=\"elementor-element elementor-element-af00aec e-flex e-con-boxed e-con e-parent\" data-id=\"af00aec\" data-element_type=\"container\">\n\t\t\t\t\t<div class=\"e-con-inner\">\n\t\t\t\t<div class=\"elementor-element elementor-element-3cd3943 elementor-widget elementor-widget-cs_gallery\" data-id=\"3cd3943\" data-element_type=\"widget\" data-widget_type=\"cs_gallery.default\">\n\t\t\t\t<div class=\"elementor-widget-container\">\n\t\t\t\t\t\n            <div class=\"cs-gallery gap-5 gallery-carousel\" data-column=\"3\" data-fade=\"\" data-autoplay=\"off\" data-autoplay-speed=\"5000\" data-show-arrows=\"on\" data-show-dots=\"on\" data-variable-width=\"off\" data-overflow-style=\"\" data-center-mode=\"off\">\n                <div class=\"cs-gallery-wrap\">                    <div class=\"cs-gallery-item\"><img fetchpriority=\"high\" decoding=\"async\" width=\"1441\" height=\"960\" src=\"https:\/\/agriturbelladibosco.com\/de\/wp-content\/uploads\/sites\/3\/2024\/07\/agirut-bella-di-bosco-servizi-2.jpg\" class=\"attachment-full size-full wp-image-2525\" alt=\"\" srcset=\"https:\/\/agriturbelladibosco.com\/de\/wp-content\/uploads\/sites\/3\/2024\/07\/agirut-bella-di-bosco-servizi-2.jpg 1441w, https:\/\/agriturbelladibosco.com\/de\/wp-content\/uploads\/sites\/3\/2024\/07\/agirut-bella-di-bosco-servizi-2-300x200.jpg 300w, https:\/\/agriturbelladibosco.com\/de\/wp-content\/uploads\/sites\/3\/2024\/07\/agirut-bella-di-bosco-servizi-2-1024x682.jpg 1024w, https:\/\/agriturbelladibosco.com\/de\/wp-content\/uploads\/sites\/3\/2024\/07\/agirut-bella-di-bosco-servizi-2-768x512.jpg 768w, https:\/\/agriturbelladibosco.com\/de\/wp-content\/uploads\/sites\/3\/2024\/07\/agirut-bella-di-bosco-servizi-2-1200x799.jpg 1200w, https:\/\/agriturbelladibosco.com\/de\/wp-content\/uploads\/sites\/3\/2024\/07\/agirut-bella-di-bosco-servizi-2-780x520.jpg 780w, https:\/\/agriturbelladibosco.com\/de\/wp-content\/uploads\/sites\/3\/2024\/07\/agirut-bella-di-bosco-servizi-2-600x400.jpg 600w, https:\/\/agriturbelladibosco.com\/de\/wp-content\/uploads\/sites\/3\/2024\/07\/agirut-bella-di-bosco-servizi-2-550x366.jpg 550w, https:\/\/agriturbelladibosco.com\/de\/wp-content\/uploads\/sites\/3\/2024\/07\/agirut-bella-di-bosco-servizi-2-370x246.jpg 370w, https:\/\/agriturbelladibosco.com\/de\/wp-content\/uploads\/sites\/3\/2024\/07\/agirut-bella-di-bosco-servizi-2-255x170.jpg 255w\" sizes=\"(max-width: 1441px) 100vw, 1441px\" \/>                    <\/div>                    <div class=\"cs-gallery-item\"><img decoding=\"async\" width=\"1500\" height=\"1000\" src=\"https:\/\/agriturbelladibosco.com\/de\/wp-content\/uploads\/sites\/3\/2024\/07\/agirut-bella-di-bosco-servizi-7.jpg\" class=\"attachment-full size-full wp-image-2529\" alt=\"\" srcset=\"https:\/\/agriturbelladibosco.com\/de\/wp-content\/uploads\/sites\/3\/2024\/07\/agirut-bella-di-bosco-servizi-7.jpg 1500w, https:\/\/agriturbelladibosco.com\/de\/wp-content\/uploads\/sites\/3\/2024\/07\/agirut-bella-di-bosco-servizi-7-300x200.jpg 300w, https:\/\/agriturbelladibosco.com\/de\/wp-content\/uploads\/sites\/3\/2024\/07\/agirut-bella-di-bosco-servizi-7-1024x683.jpg 1024w, https:\/\/agriturbelladibosco.com\/de\/wp-content\/uploads\/sites\/3\/2024\/07\/agirut-bella-di-bosco-servizi-7-768x512.jpg 768w, https:\/\/agriturbelladibosco.com\/de\/wp-content\/uploads\/sites\/3\/2024\/07\/agirut-bella-di-bosco-servizi-7-1440x960.jpg 1440w, https:\/\/agriturbelladibosco.com\/de\/wp-content\/uploads\/sites\/3\/2024\/07\/agirut-bella-di-bosco-servizi-7-1200x800.jpg 1200w, https:\/\/agriturbelladibosco.com\/de\/wp-content\/uploads\/sites\/3\/2024\/07\/agirut-bella-di-bosco-servizi-7-780x520.jpg 780w, https:\/\/agriturbelladibosco.com\/de\/wp-content\/uploads\/sites\/3\/2024\/07\/agirut-bella-di-bosco-servizi-7-600x400.jpg 600w, https:\/\/agriturbelladibosco.com\/de\/wp-content\/uploads\/sites\/3\/2024\/07\/agirut-bella-di-bosco-servizi-7-550x367.jpg 550w, https:\/\/agriturbelladibosco.com\/de\/wp-content\/uploads\/sites\/3\/2024\/07\/agirut-bella-di-bosco-servizi-7-370x247.jpg 370w, https:\/\/agriturbelladibosco.com\/de\/wp-content\/uploads\/sites\/3\/2024\/07\/agirut-bella-di-bosco-servizi-7-255x170.jpg 255w\" sizes=\"(max-width: 1500px) 100vw, 1500px\" \/>                    <\/div>                    <div class=\"cs-gallery-item\"><img decoding=\"async\" width=\"1500\" height=\"1000\" src=\"https:\/\/agriturbelladibosco.com\/de\/wp-content\/uploads\/sites\/3\/2024\/07\/agirut-bella-di-bosco-servizi-6.jpg\" class=\"attachment-full size-full wp-image-2528\" alt=\"\" srcset=\"https:\/\/agriturbelladibosco.com\/de\/wp-content\/uploads\/sites\/3\/2024\/07\/agirut-bella-di-bosco-servizi-6.jpg 1500w, https:\/\/agriturbelladibosco.com\/de\/wp-content\/uploads\/sites\/3\/2024\/07\/agirut-bella-di-bosco-servizi-6-300x200.jpg 300w, https:\/\/agriturbelladibosco.com\/de\/wp-content\/uploads\/sites\/3\/2024\/07\/agirut-bella-di-bosco-servizi-6-1024x683.jpg 1024w, https:\/\/agriturbelladibosco.com\/de\/wp-content\/uploads\/sites\/3\/2024\/07\/agirut-bella-di-bosco-servizi-6-768x512.jpg 768w, https:\/\/agriturbelladibosco.com\/de\/wp-content\/uploads\/sites\/3\/2024\/07\/agirut-bella-di-bosco-servizi-6-1440x960.jpg 1440w, https:\/\/agriturbelladibosco.com\/de\/wp-content\/uploads\/sites\/3\/2024\/07\/agirut-bella-di-bosco-servizi-6-1200x800.jpg 1200w, https:\/\/agriturbelladibosco.com\/de\/wp-content\/uploads\/sites\/3\/2024\/07\/agirut-bella-di-bosco-servizi-6-780x520.jpg 780w, https:\/\/agriturbelladibosco.com\/de\/wp-content\/uploads\/sites\/3\/2024\/07\/agirut-bella-di-bosco-servizi-6-600x400.jpg 600w, https:\/\/agriturbelladibosco.com\/de\/wp-content\/uploads\/sites\/3\/2024\/07\/agirut-bella-di-bosco-servizi-6-550x367.jpg 550w, https:\/\/agriturbelladibosco.com\/de\/wp-content\/uploads\/sites\/3\/2024\/07\/agirut-bella-di-bosco-servizi-6-370x247.jpg 370w, https:\/\/agriturbelladibosco.com\/de\/wp-content\/uploads\/sites\/3\/2024\/07\/agirut-bella-di-bosco-servizi-6-255x170.jpg 255w\" sizes=\"(max-width: 1500px) 100vw, 1500px\" \/>                    <\/div>                    <div class=\"cs-gallery-item\"><img loading=\"lazy\" decoding=\"async\" width=\"1500\" height=\"1000\" src=\"https:\/\/agriturbelladibosco.com\/de\/wp-content\/uploads\/sites\/3\/2024\/07\/agirut-bella-di-bosco-servizi.jpg\" class=\"attachment-full size-full wp-image-2530\" alt=\"\" srcset=\"https:\/\/agriturbelladibosco.com\/de\/wp-content\/uploads\/sites\/3\/2024\/07\/agirut-bella-di-bosco-servizi.jpg 1500w, https:\/\/agriturbelladibosco.com\/de\/wp-content\/uploads\/sites\/3\/2024\/07\/agirut-bella-di-bosco-servizi-300x200.jpg 300w, https:\/\/agriturbelladibosco.com\/de\/wp-content\/uploads\/sites\/3\/2024\/07\/agirut-bella-di-bosco-servizi-1024x683.jpg 1024w, https:\/\/agriturbelladibosco.com\/de\/wp-content\/uploads\/sites\/3\/2024\/07\/agirut-bella-di-bosco-servizi-768x512.jpg 768w, https:\/\/agriturbelladibosco.com\/de\/wp-content\/uploads\/sites\/3\/2024\/07\/agirut-bella-di-bosco-servizi-1440x960.jpg 1440w, https:\/\/agriturbelladibosco.com\/de\/wp-content\/uploads\/sites\/3\/2024\/07\/agirut-bella-di-bosco-servizi-1200x800.jpg 1200w, https:\/\/agriturbelladibosco.com\/de\/wp-content\/uploads\/sites\/3\/2024\/07\/agirut-bella-di-bosco-servizi-780x520.jpg 780w, https:\/\/agriturbelladibosco.com\/de\/wp-content\/uploads\/sites\/3\/2024\/07\/agirut-bella-di-bosco-servizi-600x400.jpg 600w, https:\/\/agriturbelladibosco.com\/de\/wp-content\/uploads\/sites\/3\/2024\/07\/agirut-bella-di-bosco-servizi-550x367.jpg 550w, https:\/\/agriturbelladibosco.com\/de\/wp-content\/uploads\/sites\/3\/2024\/07\/agirut-bella-di-bosco-servizi-370x247.jpg 370w, https:\/\/agriturbelladibosco.com\/de\/wp-content\/uploads\/sites\/3\/2024\/07\/agirut-bella-di-bosco-servizi-255x170.jpg 255w\" sizes=\"(max-width: 1500px) 100vw, 1500px\" \/>                    <\/div>                    <div class=\"cs-gallery-item\"><img loading=\"lazy\" decoding=\"async\" width=\"1468\" height=\"978\" src=\"https:\/\/agriturbelladibosco.com\/de\/wp-content\/uploads\/sites\/3\/2024\/07\/agirut-bella-di-bosco-servizi-5.jpg\" class=\"attachment-full size-full wp-image-2527\" alt=\"\" srcset=\"https:\/\/agriturbelladibosco.com\/de\/wp-content\/uploads\/sites\/3\/2024\/07\/agirut-bella-di-bosco-servizi-5.jpg 1468w, https:\/\/agriturbelladibosco.com\/de\/wp-content\/uploads\/sites\/3\/2024\/07\/agirut-bella-di-bosco-servizi-5-300x200.jpg 300w, https:\/\/agriturbelladibosco.com\/de\/wp-content\/uploads\/sites\/3\/2024\/07\/agirut-bella-di-bosco-servizi-5-1024x682.jpg 1024w, https:\/\/agriturbelladibosco.com\/de\/wp-content\/uploads\/sites\/3\/2024\/07\/agirut-bella-di-bosco-servizi-5-768x512.jpg 768w, https:\/\/agriturbelladibosco.com\/de\/wp-content\/uploads\/sites\/3\/2024\/07\/agirut-bella-di-bosco-servizi-5-1440x959.jpg 1440w, https:\/\/agriturbelladibosco.com\/de\/wp-content\/uploads\/sites\/3\/2024\/07\/agirut-bella-di-bosco-servizi-5-1200x799.jpg 1200w, https:\/\/agriturbelladibosco.com\/de\/wp-content\/uploads\/sites\/3\/2024\/07\/agirut-bella-di-bosco-servizi-5-780x520.jpg 780w, https:\/\/agriturbelladibosco.com\/de\/wp-content\/uploads\/sites\/3\/2024\/07\/agirut-bella-di-bosco-servizi-5-600x400.jpg 600w, https:\/\/agriturbelladibosco.com\/de\/wp-content\/uploads\/sites\/3\/2024\/07\/agirut-bella-di-bosco-servizi-5-550x366.jpg 550w, https:\/\/agriturbelladibosco.com\/de\/wp-content\/uploads\/sites\/3\/2024\/07\/agirut-bella-di-bosco-servizi-5-370x246.jpg 370w, https:\/\/agriturbelladibosco.com\/de\/wp-content\/uploads\/sites\/3\/2024\/07\/agirut-bella-di-bosco-servizi-5-255x170.jpg 255w\" sizes=\"(max-width: 1468px) 100vw, 1468px\" \/>                    <\/div>                    <div class=\"cs-gallery-item\"><img loading=\"lazy\" decoding=\"async\" width=\"1500\" height=\"1000\" src=\"https:\/\/agriturbelladibosco.com\/de\/wp-content\/uploads\/sites\/3\/2024\/07\/agirut-bella-di-bosco-servizi-3.jpg\" class=\"attachment-full size-full wp-image-2526\" alt=\"\" srcset=\"https:\/\/agriturbelladibosco.com\/de\/wp-content\/uploads\/sites\/3\/2024\/07\/agirut-bella-di-bosco-servizi-3.jpg 1500w, https:\/\/agriturbelladibosco.com\/de\/wp-content\/uploads\/sites\/3\/2024\/07\/agirut-bella-di-bosco-servizi-3-300x200.jpg 300w, https:\/\/agriturbelladibosco.com\/de\/wp-content\/uploads\/sites\/3\/2024\/07\/agirut-bella-di-bosco-servizi-3-1024x683.jpg 1024w, https:\/\/agriturbelladibosco.com\/de\/wp-content\/uploads\/sites\/3\/2024\/07\/agirut-bella-di-bosco-servizi-3-768x512.jpg 768w, https:\/\/agriturbelladibosco.com\/de\/wp-content\/uploads\/sites\/3\/2024\/07\/agirut-bella-di-bosco-servizi-3-1440x960.jpg 1440w, https:\/\/agriturbelladibosco.com\/de\/wp-content\/uploads\/sites\/3\/2024\/07\/agirut-bella-di-bosco-servizi-3-1200x800.jpg 1200w, https:\/\/agriturbelladibosco.com\/de\/wp-content\/uploads\/sites\/3\/2024\/07\/agirut-bella-di-bosco-servizi-3-780x520.jpg 780w, https:\/\/agriturbelladibosco.com\/de\/wp-content\/uploads\/sites\/3\/2024\/07\/agirut-bella-di-bosco-servizi-3-600x400.jpg 600w, https:\/\/agriturbelladibosco.com\/de\/wp-content\/uploads\/sites\/3\/2024\/07\/agirut-bella-di-bosco-servizi-3-550x367.jpg 550w, https:\/\/agriturbelladibosco.com\/de\/wp-content\/uploads\/sites\/3\/2024\/07\/agirut-bella-di-bosco-servizi-3-370x247.jpg 370w, https:\/\/agriturbelladibosco.com\/de\/wp-content\/uploads\/sites\/3\/2024\/07\/agirut-bella-di-bosco-servizi-3-255x170.jpg 255w\" sizes=\"(max-width: 1500px) 100vw, 1500px\" \/>                    <\/div>                    <div class=\"cs-gallery-item\"><img loading=\"lazy\" decoding=\"async\" width=\"2560\" height=\"1707\" src=\"https:\/\/agriturbelladibosco.com\/de\/wp-content\/uploads\/sites\/3\/2025\/08\/agritur-bella-di-bosco-idromassaggio-scaled.jpg\" class=\"attachment-full size-full wp-image-3828\" alt=\"\" srcset=\"https:\/\/agriturbelladibosco.com\/de\/wp-content\/uploads\/sites\/3\/2025\/08\/agritur-bella-di-bosco-idromassaggio-scaled.jpg 2560w, https:\/\/agriturbelladibosco.com\/de\/wp-content\/uploads\/sites\/3\/2025\/08\/agritur-bella-di-bosco-idromassaggio-300x200.jpg 300w, https:\/\/agriturbelladibosco.com\/de\/wp-content\/uploads\/sites\/3\/2025\/08\/agritur-bella-di-bosco-idromassaggio-1024x683.jpg 1024w, https:\/\/agriturbelladibosco.com\/de\/wp-content\/uploads\/sites\/3\/2025\/08\/agritur-bella-di-bosco-idromassaggio-768x512.jpg 768w, https:\/\/agriturbelladibosco.com\/de\/wp-content\/uploads\/sites\/3\/2025\/08\/agritur-bella-di-bosco-idromassaggio-1536x1024.jpg 1536w, https:\/\/agriturbelladibosco.com\/de\/wp-content\/uploads\/sites\/3\/2025\/08\/agritur-bella-di-bosco-idromassaggio-2048x1365.jpg 2048w, https:\/\/agriturbelladibosco.com\/de\/wp-content\/uploads\/sites\/3\/2025\/08\/agritur-bella-di-bosco-idromassaggio-1920x1280.jpg 1920w, https:\/\/agriturbelladibosco.com\/de\/wp-content\/uploads\/sites\/3\/2025\/08\/agritur-bella-di-bosco-idromassaggio-1440x960.jpg 1440w, https:\/\/agriturbelladibosco.com\/de\/wp-content\/uploads\/sites\/3\/2025\/08\/agritur-bella-di-bosco-idromassaggio-1200x800.jpg 1200w, https:\/\/agriturbelladibosco.com\/de\/wp-content\/uploads\/sites\/3\/2025\/08\/agritur-bella-di-bosco-idromassaggio-780x520.jpg 780w, https:\/\/agriturbelladibosco.com\/de\/wp-content\/uploads\/sites\/3\/2025\/08\/agritur-bella-di-bosco-idromassaggio-600x400.jpg 600w, https:\/\/agriturbelladibosco.com\/de\/wp-content\/uploads\/sites\/3\/2025\/08\/agritur-bella-di-bosco-idromassaggio-550x367.jpg 550w, https:\/\/agriturbelladibosco.com\/de\/wp-content\/uploads\/sites\/3\/2025\/08\/agritur-bella-di-bosco-idromassaggio-370x247.jpg 370w, https:\/\/agriturbelladibosco.com\/de\/wp-content\/uploads\/sites\/3\/2025\/08\/agritur-bella-di-bosco-idromassaggio-255x170.jpg 255w\" sizes=\"(max-width: 2560px) 100vw, 2560px\" \/>                    <\/div>                <\/div>\n            <\/div>\t\t\t\t<\/div>\n\t\t\t\t<\/div>\n\t\t\t\t\t<\/div>\n\t\t\t\t<\/div>\n\t\t\t\t<section class=\"elementor-section elementor-top-section elementor-element elementor-element-51534fd cs-section-content-fullwidth elementor-section-boxed elementor-section-height-default elementor-section-height-default\" data-id=\"51534fd\" data-element_type=\"section\">\n\t\t\t\t\t\t<div class=\"elementor-container elementor-column-gap-no\">\n\t\t\t\t\t<div class=\"elementor-column elementor-col-100 elementor-top-column elementor-element elementor-element-e2ce003\" data-id=\"e2ce003\" data-element_type=\"column\" data-settings=\"{&quot;background_background&quot;:&quot;classic&quot;}\">\n\t\t\t<div class=\"elementor-widget-wrap elementor-element-populated\">\n\t\t\t\t\t\t<div class=\"elementor-element elementor-element-68b2b9b elementor-widget elementor-widget-cs_title\" data-id=\"68b2b9b\" data-element_type=\"widget\" data-widget_type=\"cs_title.default\">\n\t\t\t\t<div class=\"elementor-widget-container\">\n\t\t\t\t\t\n        <div class=\"cs-title-wrap text-center\">\t            <h2 class=\"cs-title\">\n\t                Trentino Guest Card\t            <\/h2>\t            <div class=\"cs-title-text\">\n\t                <p>Eine besondere Gelegenheit, um Ihren Aufenthalt noch unvergesslicher zu machen!<\/p><p>Allen unseren G\u00e4sten bieten wir diese fantastische Karte an, die Ihnen erm\u00f6glicht, eine gro\u00dfe Auswahl an Dienstleistungen und Aktivit\u00e4ten in ganz Trentino kostenlos oder mit exklusiven Erm\u00e4\u00dfigungen zu nutzen. Ob Sie durch naturbelassene Wanderwege gehen, Museen und Burgen besichtigen, \u00f6ffentliche Verkehrsmittel nutzen oder lokale Produkte kaufen \u2013 die Trentino Guest Card ist Ihr Pass f\u00fcr ein Rundum-Erlebnis in der Sch\u00f6nheit dieser Region.<\/p><p>Die Karte ist f\u00fcr die gesamte Dauer Ihres Aufenthalts g\u00fcltig und kann auch schon vor Ihrer Ankunft beantragt werden, sodass Sie die Magie des Trentino bereits im Voraus entdecken k\u00f6nnen, bevor Sie unseren Agriturismo erreichen. Verlieren Sie keine Zeit \u2013 planen Sie Ihre Abenteuer und entdecken Sie alles, was dieses wunderbare Land zu bieten hat!<\/p><p>Wenn Sie Ihre Erlebnisse bestm\u00f6glich organisieren m\u00f6chten, empfehlen wir Ihnen, die App MIO Trentino f\u00fcr Ihr Smartphone herunterzuladen. Dort finden Sie alle Informationen, Veranstaltungen und Tipps, um Trentino und das Val di Non in vollen Z\u00fcgen zu genie\u00dfen!<\/p>\t            <\/div>        <\/div>\t\t\t\t<\/div>\n\t\t\t\t<\/div>\n\t\t\t\t\t<\/div>\n\t\t<\/div>\n\t\t\t\t\t<\/div>\n\t\t<\/section>\n\t\t\t\t<section class=\"elementor-section elementor-top-section elementor-element elementor-element-f38fef6 ph-credits-section elementor-section-boxed elementor-section-height-default elementor-section-height-default\" data-id=\"f38fef6\" data-element_type=\"section\">\n\t\t\t\t\t\t<div class=\"elementor-container elementor-column-gap-no\">\n\t\t\t\t\t<div class=\"elementor-column elementor-col-33 elementor-top-column elementor-element elementor-element-715e8ee\" data-id=\"715e8ee\" data-element_type=\"column\">\n\t\t\t<div class=\"elementor-widget-wrap\">\n\t\t\t\t\t\t\t<\/div>\n\t\t<\/div>\n\t\t\t\t<div class=\"elementor-column elementor-col-33 elementor-top-column elementor-element elementor-element-90c9ca2\" data-id=\"90c9ca2\" data-element_type=\"column\">\n\t\t\t<div class=\"elementor-widget-wrap elementor-element-populated\">\n\t\t\t\t\t\t<div class=\"elementor-element elementor-element-7535df2 elementor-widget elementor-widget-text-editor\" data-id=\"7535df2\" data-element_type=\"widget\" data-widget_type=\"text-editor.default\">\n\t\t\t\t<div class=\"elementor-widget-container\">\n\t\t\t\t\t\t\t\t\t<div class=\"ph-credits\"><div><span class=\"ph-credits-label\">Fotos: <\/span><span class=\"ph-credits-auth\">Agritur Bella di Bosco<\/span><\/div><\/div>\t\t\t\t\t\t\t\t<\/div>\n\t\t\t\t<\/div>\n\t\t\t\t\t<\/div>\n\t\t<\/div>\n\t\t\t\t<div class=\"elementor-column elementor-col-33 elementor-top-column elementor-element elementor-element-c856665\" data-id=\"c856665\" data-element_type=\"column\">\n\t\t\t<div class=\"elementor-widget-wrap\">\n\t\t\t\t\t\t\t<\/div>\n\t\t<\/div>\n\t\t\t\t\t<\/div>\n\t\t<\/section>\n\t\t\t\t<\/div>\n\t\t","protected":false},"excerpt":{"rendered":"<p>Serviceleistungen Unsere Serviceleistungen Alle Zimmer sind ausgestattet mit Minibar, Wasserkocher, Bad mit Dusche und WC, individueller HeizungTV in jedem ZimmerBett- und Badw\u00e4scheWLANGarten mit Liegest\u00fchlenParkplatzVeranda mit Gartenk\u00fccheGrilleckeTischtennisplatteKinderspieleSchaukel und RutscheAbstellraum f\u00fcr Sportger\u00e4teFahrradanh\u00e4ngerKinderwagenNat\u00fcrliche Spa: Ruheraum mit Au\u00dfensauna und Holzwanne mit hei\u00dfem WasserSpa-Set (Bademantel, Handtuch und Hausschuhe)Ausstellung der Trentino Guest Card * Trentino Guest Card Eine besondere Gelegenheit, um &#8230;<\/p>\n","protected":false},"author":1,"featured_media":0,"parent":0,"menu_order":0,"comment_status":"closed","ping_status":"closed","template":"template-wide-content.php","meta":{"cozystay_single_page_hide_site_header":"","cozystay_single_page_site_header_source":"","cozystay_single_page_custom_site_header":"0","cozystay_single_page_custom_sticky_site_header":"0","cozystay_single_page_hide_page_title":"on","cozystay_single_page_header_section_size":"","cozystay_single_page_header_background_color":"","cozystay_single_page_header_background_position_x":"center","cozystay_single_page_header_background_position_y":"center","cozystay_single_page_header_background_size":"cover","cozystay_single_page_header_background_repeat":"off","cozystay_single_page_header_background_scroll":"on","cozystay_single_page_header_text_color":"","cozystay_single_page_header_show_breadcrumb":"","cozystay_single_page_site_footer_hide_main":"","cozystay_single_custom_site_footer_main_source":"","cozystay_single_custom_site_footer_main":"0","cozystay_single_page_site_footer_hide_above":"","cozystay_single_custom_site_footer_above_source":"","cozystay_single_custom_site_footer_above":"0","cozystay_single_page_site_footer_hide_instagram":"","cozystay_single_page_site_footer_hide_bottom":"","cozystay_single_custom_mobile_menu_source":"","cozystay_single_custom_mobile_menu":"0","cozystay_single_custom_mobile_menu_animation":"","cozystay_single_custom_mobile_menu_width":"","cozystay_single_custom_mobile_menu_custom_width":375,"footnotes":""},"class_list":["post-2509","page","type-page","status-publish","hentry"],"_links":{"self":[{"href":"https:\/\/agriturbelladibosco.com\/de\/wp-json\/wp\/v2\/pages\/2509","targetHints":{"allow":["GET"]}}],"collection":[{"href":"https:\/\/agriturbelladibosco.com\/de\/wp-json\/wp\/v2\/pages"}],"about":[{"href":"https:\/\/agriturbelladibosco.com\/de\/wp-json\/wp\/v2\/types\/page"}],"author":[{"embeddable":true,"href":"https:\/\/agriturbelladibosco.com\/de\/wp-json\/wp\/v2\/users\/1"}],"replies":[{"embeddable":true,"href":"https:\/\/agriturbelladibosco.com\/de\/wp-json\/wp\/v2\/comments?post=2509"}],"version-history":[{"count":41,"href":"https:\/\/agriturbelladibosco.com\/de\/wp-json\/wp\/v2\/pages\/2509\/revisions"}],"predecessor-version":[{"id":3955,"href":"https:\/\/agriturbelladibosco.com\/de\/wp-json\/wp\/v2\/pages\/2509\/revisions\/3955"}],"wp:attachment":[{"href":"https:\/\/agriturbelladibosco.com\/de\/wp-json\/wp\/v2\/media?parent=2509"}],"curies":[{"name":"wp","href":"https:\/\/api.w.org\/{rel}","templated":true}]}}